{"id":517,"date":"2024-05-06T16:41:21","date_gmt":"2024-05-06T14:41:21","guid":{"rendered":"https:\/\/feuerwehr-strombach.de\/wordpress\/?page_id=517"},"modified":"2025-04-24T17:12:15","modified_gmt":"2025-04-24T15:12:15","slug":"geschichte","status":"publish","type":"page","link":"https:\/\/feuerwehr-strombach.de\/wordpress\/index.php\/loeschgruppe\/geschichte\/","title":{"rendered":"Geschichte"},"content":{"rendered":"\t\t<div data-elementor-type=\"wp-page\" data-elementor-id=\"517\" class=\"elementor elementor-517\">\n\t\t\t\t<div class=\"elementor-element elementor-element-2dfbf3e e-con-full e-flex e-con e-parent\" data-id=\"2dfbf3e\" data-element_type=\"container\" data-e-type=\"container\">\n\t\t\t\t<div class=\"elementor-element elementor-element-2b95d7d elementor-widget elementor-widget-text-editor\" data-id=\"2b95d7d\" data-element_type=\"widget\" data-e-type=\"widget\" data-widget_type=\"text-editor.default\">\n\t\t\t\t<div class=\"elementor-widget-container\">\n\t\t\t\t\t\t\t\t\t<p style=\"text-align: left;\"><br \/>Wir unterst\u00fctzen die<br \/>L\u00f6schgruppe Strombach-Lobscheid der<br \/>Freiwilligen Feuerwehr Gummersbach<br \/><br \/><\/p>\t\t\t\t\t\t\t\t<\/div>\n\t\t\t\t<\/div>\n\t\t\t\t<\/div>\n\t\t<div class=\"elementor-element elementor-element-a3ba8f7 e-con-full e-flex e-con e-parent\" data-id=\"a3ba8f7\" data-element_type=\"container\" data-e-type=\"container\">\n\t\t\t\t<div class=\"elementor-element elementor-element-b47bd11 elementor-widget elementor-widget-spacer\" data-id=\"b47bd11\" data-element_type=\"widget\" data-e-type=\"widget\" data-widget_type=\"spacer.default\">\n\t\t\t\t<div class=\"elementor-widget-container\">\n\t\t\t\t\t\t\t<div class=\"elementor-spacer\">\n\t\t\t<div class=\"elementor-spacer-inner\"><\/div>\n\t\t<\/div>\n\t\t\t\t\t\t<\/div>\n\t\t\t\t<\/div>\n\t\t\t\t<\/div>\n\t\t<div class=\"elementor-element elementor-element-83e8546 e-flex e-con-boxed e-con e-parent\" data-id=\"83e8546\" data-element_type=\"container\" data-e-type=\"container\">\n\t\t\t\t\t<div class=\"e-con-inner\">\n\t\t<div class=\"elementor-element elementor-element-2d6c746 e-con-full e-flex e-con e-child\" data-id=\"2d6c746\" data-element_type=\"container\" data-e-type=\"container\">\n\t\t\t\t<\/div>\n\t\t<div class=\"elementor-element elementor-element-9ccb77d e-con-full e-flex e-con e-child\" data-id=\"9ccb77d\" data-element_type=\"container\" data-e-type=\"container\">\n\t\t\t\t<div class=\"elementor-element elementor-element-d5dc16e elementor-widget elementor-widget-heading\" data-id=\"d5dc16e\" data-element_type=\"widget\" data-e-type=\"widget\" data-widget_type=\"heading.default\">\n\t\t\t\t<div class=\"elementor-widget-container\">\n\t\t\t\t\t<h2 class=\"elementor-heading-title elementor-size-default\">Die Geschichte der Feuerwehr in Strombach<br><\/h2>\t\t\t\t<\/div>\n\t\t\t\t<\/div>\n\t\t\t\t<\/div>\n\t\t\t\t\t<\/div>\n\t\t\t\t<\/div>\n\t\t<div class=\"elementor-element elementor-element-e272932 e-flex e-con-boxed e-con e-parent\" data-id=\"e272932\" data-element_type=\"container\" data-e-type=\"container\">\n\t\t\t\t\t<div class=\"e-con-inner\">\n\t\t\t\t<div class=\"elementor-element elementor-element-a561715 elementor-widget elementor-widget-spacer\" data-id=\"a561715\" data-element_type=\"widget\" data-e-type=\"widget\" data-widget_type=\"spacer.default\">\n\t\t\t\t<div class=\"elementor-widget-container\">\n\t\t\t\t\t\t\t<div class=\"elementor-spacer\">\n\t\t\t<div class=\"elementor-spacer-inner\"><\/div>\n\t\t<\/div>\n\t\t\t\t\t\t<\/div>\n\t\t\t\t<\/div>\n\t\t\t\t\t<\/div>\n\t\t\t\t<\/div>\n\t\t<div class=\"elementor-element elementor-element-3084d92 e-con-full e-flex e-con e-parent\" data-id=\"3084d92\" data-element_type=\"container\" data-e-type=\"container\">\n\t\t<div class=\"elementor-element elementor-element-e21ff73 e-con-full e-flex e-con e-child\" data-id=\"e21ff73\" data-element_type=\"container\" data-e-type=\"container\">\n\t\t<div class=\"elementor-element elementor-element-89f75c4 e-con-full e-flex e-con e-child\" data-id=\"89f75c4\" data-element_type=\"container\" data-e-type=\"container\">\n\t\t\t\t<div class=\"elementor-element elementor-element-753ad18 elementor-widget elementor-widget-image\" data-id=\"753ad18\" data-element_type=\"widget\" data-e-type=\"widget\" data-widget_type=\"image.default\">\n\t\t\t\t<div class=\"elementor-widget-container\">\n\t\t\t\t\t\t\t\t\t\t\t\t\t\t\t<img fetchpriority=\"high\" decoding=\"async\" width=\"606\" height=\"400\" src=\"https:\/\/feuerwehr-strombach.de\/wordpress\/wp-content\/uploads\/2024\/05\/1927.jpg\" class=\"attachment-large size-large wp-image-902\" alt=\"\" srcset=\"https:\/\/feuerwehr-strombach.de\/wordpress\/wp-content\/uploads\/2024\/05\/1927.jpg 606w, https:\/\/feuerwehr-strombach.de\/wordpress\/wp-content\/uploads\/2024\/05\/1927-300x198.jpg 300w\" sizes=\"(max-width: 606px) 100vw, 606px\" \/>\t\t\t\t\t\t\t\t\t\t\t\t\t\t\t<\/div>\n\t\t\t\t<\/div>\n\t\t\t\t<\/div>\n\t\t\t\t<\/div>\n\t\t<div class=\"elementor-element elementor-element-1ef3c9b e-con-full e-flex e-con e-child\" data-id=\"1ef3c9b\" data-element_type=\"container\" data-e-type=\"container\">\n\t\t\t\t<div class=\"elementor-element elementor-element-8cf97c4 elementor-widget elementor-widget-text-editor\" data-id=\"8cf97c4\" data-element_type=\"widget\" data-e-type=\"widget\" data-widget_type=\"text-editor.default\">\n\t\t\t\t<div class=\"elementor-widget-container\">\n\t\t\t\t\t\t\t\t\t<p><span style=\"font-family: Arial, sans-serif;\"><span style=\"font-size: large;\">Die L\u00f6schgruppe Strombach wurde am <b>22. Juni 1924<\/b> gegr\u00fcndet, nachdem mehrere Br\u00e4nde innerhalb kurzer Zeit die Bev\u00f6lkerung in Angst und Schrecken versetzt hatten. Die neue Einheit bestand aus 45 M\u00e4nnern unter der F\u00fchrung von Brandmeister Heinrich Bickenbach.<\/span><\/span><\/p><p><span style=\"font-family: Arial, sans-serif;\"><span style=\"font-size: large;\">Das erste Ger\u00e4tehaus der neuen L\u00f6schgruppe wurde <b>1929<\/b> in Eigenleistung auf einem Grundst\u00fcck des Turnvereins errichtet.<\/span><\/span><\/p><p><span style=\"font-family: Arial, sans-serif;\"><span style=\"font-size: large;\">Nach dem Ende des Krieges, aus dem einige Kameraden nicht zur\u00fcckkehrten, bildete sich die Wehr <b>1947<\/b> neu als \u201cFreiwillige Feuerwehr Gimborn, L\u00f6schgruppe Strombach\u201d.<\/span><\/span><\/p><p align=\"left\"><span style=\"font-family: Arial, sans-serif;\"><span style=\"font-size: large;\">Zum 25-j\u00e4hrigen Jubil\u00e4um \u00fcbernimmt <b>1949<\/b> Emil Breidenbach die Leitung der L\u00f6schgruppe, dieser gibt sein Amt <b>1955<\/b> an Oskar Scheuse ab.<\/span><\/span><\/p><p align=\"left\"><span style=\"font-family: Arial, sans-serif;\"><span style=\"font-size: large;\"><b>1957 <\/b>erh\u00e4lt die L\u00f6schgruppe von der Gemeinde Gimborn eine neue Motorspritze und einen LKW,der in Eigenleistung zum L\u00f6schfahrzeug umgebaut wird.<\/span><\/span><\/p><p align=\"justify\"><span style=\"font-family: Arial, sans-serif;\"><span style=\"font-size: large;\">Brandmeister Robert M\u00fcller wird am <b>07.11.1965<\/b> zum neuen Einheitsf\u00fchrer ernannt.<\/span><\/span><\/p><p align=\"justify\"><span style=\"font-family: Arial, sans-serif;\"><span style=\"font-size: large;\">Durch die Neugliederung der Stadtgemeinde Gummersbach kommt <b>1970<\/b> die L\u00f6schgruppe Strombach von der Gemeinde Gimborn zur Stadt Gummersbach.<\/span><\/span><\/p><p align=\"left\"><span style=\"font-family: Arial, sans-serif;\"><span style=\"font-size: large;\">Im <b>September 1973<\/b> bekommt die Einheit einen Ford Transit als Tragkraftspritzenfahrzeug (TSF).<\/span><\/span><\/p><p align=\"left\"><span style=\"font-family: Arial, sans-serif;\"><span style=\"font-size: large;\">Am <b>1. und 2. Juni 1974<\/b> feiert die L\u00f6schgruppe ihr 50-j\u00e4hriges Bestehen.<\/span><\/span><\/p><p align=\"left\"><span style=\"font-family: Arial, sans-serif;\"><span style=\"font-size: large;\">Brandmeister Peter Freitag \u00fcbernimmt am <b>27.01.1978<\/b> das Amt des Einheitsf\u00fchrers.<\/span><\/span><\/p><p align=\"left\"><span style=\"font-family: Arial, sans-serif;\"><span style=\"font-size: large;\">Das Ger\u00e4tehaus wird <b>1981 und 1982<\/b> grundlegend umgebaut, renoviert und mit einem Umkleideraum erweitert. <\/span><\/span><\/p><p align=\"left\"><span style=\"font-family: Arial, sans-serif;\"><span style=\"font-size: large;\">Ein aus Eigenmitteln der L\u00f6schgruppe angeschaffter und in Eigenleistung zum MTW umgebauter VW-Bus wird im <b>Juli 1988<\/b> in Dienst gestellt. <\/span><\/span><\/p><p align=\"left\"><span style=\"font-family: Arial, sans-serif;\"><span style=\"font-size: large;\">Oberbrandmeister R\u00fcdiger Adolf wird am <b>20.03.1994<\/b> zum Leiter der L\u00f6schgruppe ernannt, am <b>06. April 1997<\/b> gibt er das Amt an Unterbrandmeister Dr. Andreas Esser ab.<\/span><\/span><\/p><p align=\"left\"><span style=\"font-family: Arial, sans-serif;\"><span style=\"font-size: large;\">Am <b>14.08.1998<\/b> erfolgt der erste Spatenstich f\u00fcr die Erweiterung der Garage, in der einmal ein neues, gr\u00f6\u00dferes L\u00f6schfahrzeug Platz finden soll.<\/span><\/span><\/p><p><span style=\"font-family: Arial, sans-serif;\"><span style=\"font-size: large;\">Am <b>05. und 06. Juni<\/b> <b>1999 <\/b>wird die L\u00f6schgruppe 75 Jahre alt und feiert dies mit einem Festwochenende<b>.<\/b><\/span><\/span><\/p><p><span style=\"font-family: Arial, sans-serif;\"><span style=\"font-size: large;\"><strong>03. Mai 2001<\/strong> Nach sintflutartigen Regef\u00e4llen erreicht uns ein Jahrhunderthochwasser mit kompletter \u00dcberschwemmung des Aggertals. Zwei Tage lang m\u00fcssen zahllose Keller ausgepumpt werden.<\/span><\/span><\/p><p align=\"left\"><span style=\"font-family: Arial, sans-serif;\"><span style=\"font-size: large;\">Am <\/span><\/span><strong><span style=\"font-family: Arial, sans-serif;\"><span style=\"font-size: large;\">0<\/span><\/span><\/strong><span style=\"font-family: Arial, sans-serif;\"><span style=\"font-size: large;\"><b>1.06.2001<\/b><\/span><\/span><span style=\"font-family: Arial, sans-serif;\"><span style=\"font-size: large;\"> ist es dann endlich soweit: die L\u00f6schgruppe Strombach erh\u00e4lt nach 28 Jahren wieder ein neues Fahrzeug. Das TSF-W wird im Rahmen des Fr\u00fchlingsfestes feierlich von B\u00fcrgermeister Schmitz und Stadtbrandmeister Friedhelm K\u00f6ster \u00fcbergeben.<\/span><\/span><\/p><p><span style=\"font-family: Arial, sans-serif;\"><span style=\"font-size: large;\">Der Orkan \u201eKyrill\u201c sucht am <b>18. Januar 2007 <\/b>als schwerster Sturm seit Jahrzehnten auch das Oberbergische heim. Pausenlos st\u00fcrzen B\u00e4ume um, ganze Ortschaften, u.a. auch Liefenroth, werden von der Au\u00dfenwelt abgeschnitten.<\/span><\/span><\/p><p><span style=\"font-family: Arial, sans-serif;\"><span style=\"font-size: large;\">Am <b>09. August 2009 <\/b>zerst\u00f6rt ein Gro\u00dfbrand die Wirtschaftsgeb\u00e4ude des Bauernhofs unsers Kameraden Christoph Vormstein in Hanfgarten.Die L\u00f6scharbeiten dauern bis zum n\u00e4chsten Tag.<\/span><\/span><\/p><p><span style=\"font-family: Arial, sans-serif;\"><span style=\"font-size: large;\">Die Fusion mit unserer Nachbareinheit Lobscheid wird am <b>01. Januar 2014<\/b> vollzogen. Als gemeinsamer Standort wird Strombach festgelegt, zun\u00e4chst jedoch r\u00fccken die Lobscheider Kameraden noch von ihrem Ort aus. Als neuer L\u00f6schgruppenname setzt sich Strombach-Lobscheid durch. Die Leitung der Einheit bleibt bei Hauptbrandmeister Dr. Andreas Esser. <\/span><\/span><\/p><p><span style=\"font-family: Arial, sans-serif;\"><span style=\"font-size: large;\">Der erste Spatenstich f\u00fcr die Fahrzeughalle mit Platz f\u00fcr die Mannschaft und zwei Fahrzeuge wird am <b>0<\/b><b>7. April 2014<\/b> gesetzt.<\/span><\/span><\/p><p align=\"left\"><span style=\"font-family: Arial, sans-serif;\"><span style=\"font-size: large;\">Nach der Schl\u00fcssel\u00fcbergabe der neuen Fahrzeughalle am <b>15.03.2015<\/b> bekommt die L\u00f6schgruppe am <b>22.08.2015<\/b> einen Ger\u00e4tewagen Logistik 2 im Rahmen der Blaulichtmeile in Gummersbach \u00fcbergeben.Seinen Jungferneinsatz hatte er allerdings schon knapp zwei Monate zuvor. Es ist das erste Gro\u00dffahrzeug an unserem Standort und verf\u00fcgt u.a. \u00fcber eine Beladung f\u00fcr Eins\u00e4tze mit gef\u00e4hrlichen Stoffen und G\u00fctern.<\/span><\/span><\/p><p align=\"left\"><span style=\"font-family: Arial, sans-serif;\"><span style=\"font-size: large;\">Im <b>August 2015<\/b> wechselt die Einheitsf\u00fchrung an Brandoberinspektor Raphael van Kerkom.<\/span><\/span><\/p><p><span style=\"font-family: Arial, sans-serif;\"><span style=\"font-size: large;\">Am <b>20.04.2020<\/b> kommt es auf dem H\u00f6merich zu einem der gr\u00f6\u00dften Waldbr\u00e4nde in der Geschichte des Landes. Beteiligt sind Feuerwehren aus dem gesamten Oberbergischen Kreis, Nachbarkreisen, zwei Flugfeldl\u00f6schfahrzeuge aus K\u00f6ln und vier Wasserwerfer der Polizei. \u00dcber nahezu eine Woche dauern die L\u00f6scharbeiten.<\/span><\/span><\/p><p><span style=\"font-family: Arial, sans-serif;\"><span style=\"font-size: large;\"><b>18. August 2019: <\/b>wir tauschen unser TSF-W gegen das aus der Einheit Lantemicke stammende L\u00f6schgruppenfahrzeug LF10 ein, da\u00df deutlich mehr Platz f\u00fcr Mannschaft und Ger\u00e4t bietet.<\/span><\/span><\/p><p><span style=\"font-family: Arial, sans-serif;\"><span style=\"font-size: large;\">Die weltweite Pandemie mit einem neuartigen Coronavirus erreicht auch Deutschland. Der Dienstbetrieb ist ab <b>M\u00e4rz 2020<\/b> \u00fcber viele Monate erheblich eingeschr\u00e4nkt, \u00dcbungen finden keine und Eins\u00e4tze nur unter besonderen Ma\u00dfnahmen statt.<\/span><\/span><\/p><p><span style=\"font-family: Arial, sans-serif;\"><span style=\"font-size: large;\">Ein L\u00f6schgruppenfahrzeug LF20 h\u00e4lt am <b>18. November 2022<\/b> Einzug in unsere Hallen. Das kleinere LF10 wird im Tausch daf\u00fcr abgegeben. Damit verf\u00fcgt die Einheit jetzt \u00fcber zwei Gro\u00dffahrzeuge.<\/span><\/span><\/p><p><span style=\"font-family: Arial, sans-serif;\"><span style=\"font-size: large;\">Am <\/span><\/span><strong><span style=\"font-family: Arial, sans-serif;\"><span style=\"font-size: large;\">0<\/span><\/span><\/strong><span style=\"font-family: Arial, sans-serif;\"><span style=\"font-size: large;\"><b>1. Januar 2024<\/b><\/span><\/span><span style=\"font-family: Arial, sans-serif;\"><span style=\"font-size: large;\"> wird Dr. Andreas Esser erneut L\u00f6schgruppenf\u00fchrer, Oberbrandmeister Giancarlo Grande nimmt seine Nachfolge als Stellvertreter ein.<\/span><\/span><\/p><p><span style=\"font-family: Arial, sans-serif;\"><span style=\"font-size: large;\">Das 100-j\u00e4hrige Bestehen der Strombacher Feuerwehr wird am <\/span><\/span><span style=\"font-family: Arial, sans-serif;\"><span style=\"font-size: large;\"><b>22. Juni 2024<\/b><\/span><\/span><span style=\"font-family: Arial, sans-serif;\"><span style=\"font-size: large;\"> mit einem gro\u00dfen Fest und vielen G\u00e4sten von anderen Feuerwehren und der Politik gefeiert.<\/span><\/span><\/p>\t\t\t\t\t\t\t\t<\/div>\n\t\t\t\t<\/div>\n\t\t\t\t<\/div>\n\t\t\t\t<\/div>\n\t\t<div class=\"elementor-element elementor-element-941f790 e-flex e-con-boxed e-con e-parent\" data-id=\"941f790\" data-element_type=\"container\" data-e-type=\"container\">\n\t\t\t\t\t<div class=\"e-con-inner\">\n\t\t\t\t<div class=\"elementor-element elementor-element-af40e89 elementor-widget elementor-widget-spacer\" data-id=\"af40e89\" data-element_type=\"widget\" data-e-type=\"widget\" data-widget_type=\"spacer.default\">\n\t\t\t\t<div class=\"elementor-widget-container\">\n\t\t\t\t\t\t\t<div class=\"elementor-spacer\">\n\t\t\t<div class=\"elementor-spacer-inner\"><\/div>\n\t\t<\/div>\n\t\t\t\t\t\t<\/div>\n\t\t\t\t<\/div>\n\t\t\t\t\t<\/div>\n\t\t\t\t<\/div>\n\t\t\t\t<\/div>\n\t\t","protected":false},"excerpt":{"rendered":"<p>Wir unterst\u00fctzen dieL\u00f6schgruppe Strombach-Lobscheid derFreiwilligen Feuerwehr Gummersbach Die Geschichte der Feuerwehr in Strombach Die L\u00f6schgruppe Strombach wurde am 22. Juni 1924 gegr\u00fcndet, nachdem mehrere Br\u00e4nde innerhalb kurzer Zeit die Bev\u00f6lkerung in Angst und Schrecken versetzt hatten. Die neue Einheit bestand aus 45 M\u00e4nnern unter der F\u00fchrung von Brandmeister Heinrich Bickenbach. Das erste Ger\u00e4tehaus der neuen [&hellip;]<\/p>\n","protected":false},"author":1,"featured_media":0,"parent":420,"menu_order":0,"comment_status":"closed","ping_status":"closed","template":"elementor_header_footer","meta":{"footnotes":""},"class_list":["post-517","page","type-page","status-publish","hentry"],"_links":{"self":[{"href":"https:\/\/feuerwehr-strombach.de\/wordpress\/index.php\/wp-json\/wp\/v2\/pages\/517","targetHints":{"allow":["GET"]}}],"collection":[{"href":"https:\/\/feuerwehr-strombach.de\/wordpress\/index.php\/wp-json\/wp\/v2\/pages"}],"about":[{"href":"https:\/\/feuerwehr-strombach.de\/wordpress\/index.php\/wp-json\/wp\/v2\/types\/page"}],"author":[{"embeddable":true,"href":"https:\/\/feuerwehr-strombach.de\/wordpress\/index.php\/wp-json\/wp\/v2\/users\/1"}],"replies":[{"embeddable":true,"href":"https:\/\/feuerwehr-strombach.de\/wordpress\/index.php\/wp-json\/wp\/v2\/comments?post=517"}],"version-history":[{"count":97,"href":"https:\/\/feuerwehr-strombach.de\/wordpress\/index.php\/wp-json\/wp\/v2\/pages\/517\/revisions"}],"predecessor-version":[{"id":1714,"href":"https:\/\/feuerwehr-strombach.de\/wordpress\/index.php\/wp-json\/wp\/v2\/pages\/517\/revisions\/1714"}],"up":[{"embeddable":true,"href":"https:\/\/feuerwehr-strombach.de\/wordpress\/index.php\/wp-json\/wp\/v2\/pages\/420"}],"wp:attachment":[{"href":"https:\/\/feuerwehr-strombach.de\/wordpress\/index.php\/wp-json\/wp\/v2\/media?parent=517"}],"curies":[{"name":"wp","href":"https:\/\/api.w.org\/{rel}","templated":true}]}}