{"id":515,"date":"2024-05-06T16:40:46","date_gmt":"2024-05-06T14:40:46","guid":{"rendered":"https:\/\/feuerwehr-strombach.de\/wordpress\/?page_id=515"},"modified":"2025-02-24T16:20:57","modified_gmt":"2025-02-24T15:20:57","slug":"einsatzbereich","status":"publish","type":"page","link":"https:\/\/feuerwehr-strombach.de\/wordpress\/index.php\/loeschgruppe\/einsatzbereich\/","title":{"rendered":"Einsatzbereich"},"content":{"rendered":"\t\t<div data-elementor-type=\"wp-page\" data-elementor-id=\"515\" class=\"elementor elementor-515\">\n\t\t\t\t<div class=\"elementor-element elementor-element-3abce5c e-con-full e-flex e-con e-parent\" data-id=\"3abce5c\" data-element_type=\"container\" data-e-type=\"container\">\n\t\t\t\t<div class=\"elementor-element elementor-element-df8a22d elementor-widget elementor-widget-text-editor\" data-id=\"df8a22d\" data-element_type=\"widget\" data-e-type=\"widget\" data-widget_type=\"text-editor.default\">\n\t\t\t\t<div class=\"elementor-widget-container\">\n\t\t\t\t\t\t\t\t\t<p style=\"text-align: left;\"><br \/>Wir unterst\u00fctzen die<br \/>L\u00f6schgruppe Strombach-Lobscheid der<br \/>Freiwilligen Feuerwehr Gummersbach<br \/><br \/><\/p>\t\t\t\t\t\t\t\t<\/div>\n\t\t\t\t<\/div>\n\t\t\t\t<\/div>\n\t\t<div class=\"elementor-element elementor-element-fe3996c e-flex e-con-boxed e-con e-parent\" data-id=\"fe3996c\" data-element_type=\"container\" data-e-type=\"container\">\n\t\t\t\t\t<div class=\"e-con-inner\">\n\t\t\t\t<div class=\"elementor-element elementor-element-a74719f elementor-widget elementor-widget-spacer\" data-id=\"a74719f\" data-element_type=\"widget\" data-e-type=\"widget\" data-widget_type=\"spacer.default\">\n\t\t\t\t<div class=\"elementor-widget-container\">\n\t\t\t\t\t\t\t<div class=\"elementor-spacer\">\n\t\t\t<div class=\"elementor-spacer-inner\"><\/div>\n\t\t<\/div>\n\t\t\t\t\t\t<\/div>\n\t\t\t\t<\/div>\n\t\t\t\t\t<\/div>\n\t\t\t\t<\/div>\n\t\t<div class=\"elementor-element elementor-element-ee61044 e-con-full e-flex e-con e-parent\" data-id=\"ee61044\" data-element_type=\"container\" data-e-type=\"container\">\n\t\t<div class=\"elementor-element elementor-element-4792414 e-con-full e-flex e-con e-child\" data-id=\"4792414\" data-element_type=\"container\" data-e-type=\"container\">\n\t\t<div class=\"elementor-element elementor-element-a8e883f e-con-full e-flex e-con e-child\" data-id=\"a8e883f\" data-element_type=\"container\" data-e-type=\"container\">\n\t\t\t\t<div class=\"elementor-element elementor-element-3b3cb3e elementor-widget elementor-widget-text-editor\" data-id=\"3b3cb3e\" data-element_type=\"widget\" data-e-type=\"widget\" data-widget_type=\"text-editor.default\">\n\t\t\t\t<div class=\"elementor-widget-container\">\n\t\t\t\t\t\t\t\t\t<p>Der prim\u00e4re Einsatzbereich der L\u00f6schgruppe Strombach-Lobscheid umfasst die Stadtteile Strombach, Lobscheid, Hardt-Hanfgarten, Karlskamp und Veste. Hier leben insgesamt rund\u00a0 4900 Menschen in ein- und mehrgeschossigen Geb\u00e4uden.<\/p><p>Das Gebiet ist gepr\u00e4gt durch z.T. dichte Wohnbebauung sowie weitl\u00e4ufigen, zusammenh\u00e4ngenden Waldgebieten und Weidefl\u00e4chen.<\/p><p>Im erweiterten Einsatzbereich befindet sich die Gummersbacher Innenstadt mit Einkaufszentren, Technischer Hochschule sowie ein gro\u00dfes Krankenhaus.<\/p>\t\t\t\t\t\t\t\t<\/div>\n\t\t\t\t<\/div>\n\t\t\t\t<\/div>\n\t\t\t\t<\/div>\n\t\t<div class=\"elementor-element elementor-element-3317f38 e-con-full e-flex e-con e-child\" data-id=\"3317f38\" data-element_type=\"container\" data-e-type=\"container\">\n\t\t\t\t<div class=\"elementor-element elementor-element-6d63864 elementor-widget elementor-widget-image\" data-id=\"6d63864\" data-element_type=\"widget\" data-e-type=\"widget\" data-widget_type=\"image.default\">\n\t\t\t\t<div class=\"elementor-widget-container\">\n\t\t\t\t\t\t\t\t\t\t\t\t\t\t\t<img fetchpriority=\"high\" decoding=\"async\" width=\"723\" height=\"1024\" src=\"https:\/\/feuerwehr-strombach.de\/wordpress\/wp-content\/uploads\/2024\/05\/Einsatzbereich-723x1024.jpg\" class=\"attachment-large size-large wp-image-848\" alt=\"\" srcset=\"https:\/\/feuerwehr-strombach.de\/wordpress\/wp-content\/uploads\/2024\/05\/Einsatzbereich-723x1024.jpg 723w, https:\/\/feuerwehr-strombach.de\/wordpress\/wp-content\/uploads\/2024\/05\/Einsatzbereich-212x300.jpg 212w, https:\/\/feuerwehr-strombach.de\/wordpress\/wp-content\/uploads\/2024\/05\/Einsatzbereich-768x1088.jpg 768w, https:\/\/feuerwehr-strombach.de\/wordpress\/wp-content\/uploads\/2024\/05\/Einsatzbereich.jpg 901w\" sizes=\"(max-width: 723px) 100vw, 723px\" \/>\t\t\t\t\t\t\t\t\t\t\t\t\t\t\t<\/div>\n\t\t\t\t<\/div>\n\t\t\t\t<\/div>\n\t\t\t\t<\/div>\n\t\t<div class=\"elementor-element elementor-element-2aa27cf e-flex e-con-boxed e-con e-parent\" data-id=\"2aa27cf\" data-element_type=\"container\" data-e-type=\"container\">\n\t\t\t\t\t<div class=\"e-con-inner\">\n\t\t\t\t<div class=\"elementor-element elementor-element-ab5eff9 elementor-widget elementor-widget-spacer\" data-id=\"ab5eff9\" data-element_type=\"widget\" data-e-type=\"widget\" data-widget_type=\"spacer.default\">\n\t\t\t\t<div class=\"elementor-widget-container\">\n\t\t\t\t\t\t\t<div class=\"elementor-spacer\">\n\t\t\t<div class=\"elementor-spacer-inner\"><\/div>\n\t\t<\/div>\n\t\t\t\t\t\t<\/div>\n\t\t\t\t<\/div>\n\t\t\t\t\t<\/div>\n\t\t\t\t<\/div>\n\t\t\t\t<\/div>\n\t\t","protected":false},"excerpt":{"rendered":"<p>Wir unterst\u00fctzen dieL\u00f6schgruppe Strombach-Lobscheid derFreiwilligen Feuerwehr Gummersbach Der prim\u00e4re Einsatzbereich der L\u00f6schgruppe Strombach-Lobscheid umfasst die Stadtteile Strombach, Lobscheid, Hardt-Hanfgarten, Karlskamp und Veste. Hier leben insgesamt rund\u00a0 4900 Menschen in ein- und mehrgeschossigen Geb\u00e4uden. Das Gebiet ist gepr\u00e4gt durch z.T. dichte Wohnbebauung sowie weitl\u00e4ufigen, zusammenh\u00e4ngenden Waldgebieten und Weidefl\u00e4chen. Im erweiterten Einsatzbereich befindet sich die Gummersbacher Innenstadt [&hellip;]<\/p>\n","protected":false},"author":1,"featured_media":0,"parent":420,"menu_order":0,"comment_status":"closed","ping_status":"closed","template":"elementor_header_footer","meta":{"footnotes":""},"class_list":["post-515","page","type-page","status-publish","hentry"],"_links":{"self":[{"href":"https:\/\/feuerwehr-strombach.de\/wordpress\/index.php\/wp-json\/wp\/v2\/pages\/515","targetHints":{"allow":["GET"]}}],"collection":[{"href":"https:\/\/feuerwehr-strombach.de\/wordpress\/index.php\/wp-json\/wp\/v2\/pages"}],"about":[{"href":"https:\/\/feuerwehr-strombach.de\/wordpress\/index.php\/wp-json\/wp\/v2\/types\/page"}],"author":[{"embeddable":true,"href":"https:\/\/feuerwehr-strombach.de\/wordpress\/index.php\/wp-json\/wp\/v2\/users\/1"}],"replies":[{"embeddable":true,"href":"https:\/\/feuerwehr-strombach.de\/wordpress\/index.php\/wp-json\/wp\/v2\/comments?post=515"}],"version-history":[{"count":28,"href":"https:\/\/feuerwehr-strombach.de\/wordpress\/index.php\/wp-json\/wp\/v2\/pages\/515\/revisions"}],"predecessor-version":[{"id":1580,"href":"https:\/\/feuerwehr-strombach.de\/wordpress\/index.php\/wp-json\/wp\/v2\/pages\/515\/revisions\/1580"}],"up":[{"embeddable":true,"href":"https:\/\/feuerwehr-strombach.de\/wordpress\/index.php\/wp-json\/wp\/v2\/pages\/420"}],"wp:attachment":[{"href":"https:\/\/feuerwehr-strombach.de\/wordpress\/index.php\/wp-json\/wp\/v2\/media?parent=515"}],"curies":[{"name":"wp","href":"https:\/\/api.w.org\/{rel}","templated":true}]}}