{"id":510,"date":"2024-05-06T16:39:14","date_gmt":"2024-05-06T14:39:14","guid":{"rendered":"https:\/\/feuerwehr-strombach.de\/wordpress\/?page_id=510"},"modified":"2026-03-26T17:06:10","modified_gmt":"2026-03-26T16:06:10","slug":"personal","status":"publish","type":"page","link":"https:\/\/feuerwehr-strombach.de\/wordpress\/index.php\/personal\/","title":{"rendered":"Personal"},"content":{"rendered":"\t\t<div data-elementor-type=\"wp-page\" data-elementor-id=\"510\" class=\"elementor elementor-510\">\n\t\t\t\t<div class=\"elementor-element elementor-element-0b3be30 e-con-full e-flex e-con e-parent\" data-id=\"0b3be30\" data-element_type=\"container\" data-e-type=\"container\">\n\t\t\t\t<div class=\"elementor-element elementor-element-62a8ea2 elementor-widget elementor-widget-text-editor\" data-id=\"62a8ea2\" data-element_type=\"widget\" data-e-type=\"widget\" data-widget_type=\"text-editor.default\">\n\t\t\t\t<div class=\"elementor-widget-container\">\n\t\t\t\t\t\t\t\t\t<p style=\"text-align: left;\"><br \/>Wir unterst\u00fctzen die<br \/>L\u00f6schgruppe Strombach-Lobscheid der<br \/>Freiwilligen Feuerwehr Gummersbach<br \/><br \/><\/p>\t\t\t\t\t\t\t\t<\/div>\n\t\t\t\t<\/div>\n\t\t\t\t<\/div>\n\t\t<div class=\"elementor-element elementor-element-8d014f7 e-con-full e-flex e-con e-parent\" data-id=\"8d014f7\" data-element_type=\"container\" data-e-type=\"container\" data-settings=\"{&quot;background_background&quot;:&quot;classic&quot;}\">\n\t\t<div class=\"elementor-element elementor-element-5484a2a e-con-full e-flex e-con e-child\" data-id=\"5484a2a\" data-element_type=\"container\" data-e-type=\"container\">\n\t\t\t\t<div class=\"elementor-element elementor-element-7f3086e elementor-widget elementor-widget-text-editor\" data-id=\"7f3086e\" data-element_type=\"widget\" data-e-type=\"widget\" data-widget_type=\"text-editor.default\">\n\t\t\t\t<div class=\"elementor-widget-container\">\n\t\t\t\t\t\t\t\t\t<p>L\u00f6schgruppe<\/p>\t\t\t\t\t\t\t\t<\/div>\n\t\t\t\t<\/div>\n\t\t\t\t<\/div>\n\t\t<div class=\"elementor-element elementor-element-d2d165b e-con-full e-flex e-con e-child\" data-id=\"d2d165b\" data-element_type=\"container\" data-e-type=\"container\">\n\t\t\t\t<\/div>\n\t\t\t\t<\/div>\n\t\t<div class=\"elementor-element elementor-element-12a7b42 e-flex e-con-boxed e-con e-parent\" data-id=\"12a7b42\" data-element_type=\"container\" data-e-type=\"container\">\n\t\t\t\t\t<div class=\"e-con-inner\">\n\t\t\t\t<div class=\"elementor-element elementor-element-779c7cc elementor-widget elementor-widget-spacer\" data-id=\"779c7cc\" data-element_type=\"widget\" data-e-type=\"widget\" data-widget_type=\"spacer.default\">\n\t\t\t\t<div class=\"elementor-widget-container\">\n\t\t\t\t\t\t\t<div class=\"elementor-spacer\">\n\t\t\t<div class=\"elementor-spacer-inner\"><\/div>\n\t\t<\/div>\n\t\t\t\t\t\t<\/div>\n\t\t\t\t<\/div>\n\t\t\t\t\t<\/div>\n\t\t\t\t<\/div>\n\t\t<div class=\"elementor-element elementor-element-62ab15c e-flex e-con-boxed e-con e-parent\" data-id=\"62ab15c\" data-element_type=\"container\" data-e-type=\"container\">\n\t\t\t\t\t<div class=\"e-con-inner\">\n\t\t\t\t<div class=\"elementor-element elementor-element-c38c729 elementor-widget elementor-widget-image\" data-id=\"c38c729\" data-element_type=\"widget\" data-e-type=\"widget\" data-widget_type=\"image.default\">\n\t\t\t\t<div class=\"elementor-widget-container\">\n\t\t\t\t\t\t\t\t\t\t\t\t\t\t\t<img fetchpriority=\"high\" decoding=\"async\" width=\"2560\" height=\"1876\" src=\"https:\/\/feuerwehr-strombach.de\/wordpress\/wp-content\/uploads\/2024\/04\/Gruppenfoto_2024-04-klein-scaled.jpg\" class=\"attachment-full size-full wp-image-104\" alt=\"\" srcset=\"https:\/\/feuerwehr-strombach.de\/wordpress\/wp-content\/uploads\/2024\/04\/Gruppenfoto_2024-04-klein-scaled.jpg 2560w, https:\/\/feuerwehr-strombach.de\/wordpress\/wp-content\/uploads\/2024\/04\/Gruppenfoto_2024-04-klein-300x220.jpg 300w, https:\/\/feuerwehr-strombach.de\/wordpress\/wp-content\/uploads\/2024\/04\/Gruppenfoto_2024-04-klein-1024x751.jpg 1024w, https:\/\/feuerwehr-strombach.de\/wordpress\/wp-content\/uploads\/2024\/04\/Gruppenfoto_2024-04-klein-768x563.jpg 768w, https:\/\/feuerwehr-strombach.de\/wordpress\/wp-content\/uploads\/2024\/04\/Gruppenfoto_2024-04-klein-1536x1126.jpg 1536w, https:\/\/feuerwehr-strombach.de\/wordpress\/wp-content\/uploads\/2024\/04\/Gruppenfoto_2024-04-klein-2048x1501.jpg 2048w\" sizes=\"(max-width: 2560px) 100vw, 2560px\" \/>\t\t\t\t\t\t\t\t\t\t\t\t\t\t\t<\/div>\n\t\t\t\t<\/div>\n\t\t\t\t\t<\/div>\n\t\t\t\t<\/div>\n\t\t<div class=\"elementor-element elementor-element-3c7e4d3 e-flex e-con-boxed e-con e-parent\" data-id=\"3c7e4d3\" data-element_type=\"container\" data-e-type=\"container\">\n\t\t\t\t\t<div class=\"e-con-inner\">\n\t\t\t\t<div class=\"elementor-element elementor-element-56d79ed elementor-widget elementor-widget-spacer\" data-id=\"56d79ed\" data-element_type=\"widget\" data-e-type=\"widget\" data-widget_type=\"spacer.default\">\n\t\t\t\t<div class=\"elementor-widget-container\">\n\t\t\t\t\t\t\t<div class=\"elementor-spacer\">\n\t\t\t<div class=\"elementor-spacer-inner\"><\/div>\n\t\t<\/div>\n\t\t\t\t\t\t<\/div>\n\t\t\t\t<\/div>\n\t\t\t\t\t<\/div>\n\t\t\t\t<\/div>\n\t\t<div class=\"elementor-element elementor-element-c926a6b e-con-full e-flex e-con e-parent\" data-id=\"c926a6b\" data-element_type=\"container\" data-e-type=\"container\" data-settings=\"{&quot;background_background&quot;:&quot;classic&quot;}\">\n\t\t<div class=\"elementor-element elementor-element-a2022ec e-con-full e-flex e-con e-child\" data-id=\"a2022ec\" data-element_type=\"container\" data-e-type=\"container\">\n\t\t\t\t<div class=\"elementor-element elementor-element-991be8b elementor-widget elementor-widget-text-editor\" data-id=\"991be8b\" data-element_type=\"widget\" data-e-type=\"widget\" data-widget_type=\"text-editor.default\">\n\t\t\t\t<div class=\"elementor-widget-container\">\n\t\t\t\t\t\t\t\t\t<p>Einheitsf\u00fchrung<\/p>\t\t\t\t\t\t\t\t<\/div>\n\t\t\t\t<\/div>\n\t\t\t\t<\/div>\n\t\t<div class=\"elementor-element elementor-element-36b8c1a e-con-full e-flex e-con e-child\" data-id=\"36b8c1a\" data-element_type=\"container\" data-e-type=\"container\">\n\t\t\t\t<\/div>\n\t\t\t\t<\/div>\n\t\t<div class=\"elementor-element elementor-element-33d32d4 e-flex e-con-boxed e-con e-parent\" data-id=\"33d32d4\" data-element_type=\"container\" data-e-type=\"container\">\n\t\t\t\t\t<div class=\"e-con-inner\">\n\t\t\t\t\t<\/div>\n\t\t\t\t<\/div>\n\t\t<div class=\"elementor-element elementor-element-c1044e2 e-con-full e-flex e-con e-parent\" data-id=\"c1044e2\" data-element_type=\"container\" data-e-type=\"container\">\n\t\t<div class=\"elementor-element elementor-element-4832fa9 e-con-full e-flex e-con e-child\" data-id=\"4832fa9\" data-element_type=\"container\" data-e-type=\"container\">\n\t\t<div class=\"elementor-element elementor-element-155db19 e-con-full e-flex e-con e-child\" data-id=\"155db19\" data-element_type=\"container\" data-e-type=\"container\">\n\t\t\t\t<div class=\"elementor-element elementor-element-9a682a6 elementor-widget elementor-widget-image\" data-id=\"9a682a6\" data-element_type=\"widget\" data-e-type=\"widget\" data-widget_type=\"image.default\">\n\t\t\t\t<div class=\"elementor-widget-container\">\n\t\t\t\t\t\t\t\t\t\t\t\t\t\t\t<img decoding=\"async\" width=\"800\" height=\"1000\" src=\"https:\/\/feuerwehr-strombach.de\/wordpress\/wp-content\/uploads\/2024\/05\/Esser1-819x1024.jpg\" class=\"attachment-large size-large wp-image-552\" alt=\"\" srcset=\"https:\/\/feuerwehr-strombach.de\/wordpress\/wp-content\/uploads\/2024\/05\/Esser1-819x1024.jpg 819w, https:\/\/feuerwehr-strombach.de\/wordpress\/wp-content\/uploads\/2024\/05\/Esser1-240x300.jpg 240w, https:\/\/feuerwehr-strombach.de\/wordpress\/wp-content\/uploads\/2024\/05\/Esser1-768x960.jpg 768w, https:\/\/feuerwehr-strombach.de\/wordpress\/wp-content\/uploads\/2024\/05\/Esser1.jpg 1198w\" sizes=\"(max-width: 800px) 100vw, 800px\" \/>\t\t\t\t\t\t\t\t\t\t\t\t\t\t\t<\/div>\n\t\t\t\t<\/div>\n\t\t\t\t<\/div>\n\t\t<div class=\"elementor-element elementor-element-cb7cbe7 e-con-full e-flex e-con e-child\" data-id=\"cb7cbe7\" data-element_type=\"container\" data-e-type=\"container\">\n\t\t\t\t<div class=\"elementor-element elementor-element-a4904d2 elementor-widget elementor-widget-text-editor\" data-id=\"a4904d2\" data-element_type=\"widget\" data-e-type=\"widget\" data-widget_type=\"text-editor.default\">\n\t\t\t\t<div class=\"elementor-widget-container\">\n\t\t\t\t\t\t\t\t\t<p style=\"text-align: left; padding-left: 40px;\"><br \/>Dr. Andreas Esser<br \/>Hauptbrandmeister<br \/>Einheitsf\u00fchrer<\/p>\t\t\t\t\t\t\t\t<\/div>\n\t\t\t\t<\/div>\n\t\t\t\t<\/div>\n\t\t<div class=\"elementor-element elementor-element-98735c2 e-con-full e-flex e-con e-child\" data-id=\"98735c2\" data-element_type=\"container\" data-e-type=\"container\">\n\t\t\t\t<div class=\"elementor-element elementor-element-86d9086 elementor-widget elementor-widget-image\" data-id=\"86d9086\" data-element_type=\"widget\" data-e-type=\"widget\" data-widget_type=\"image.default\">\n\t\t\t\t<div class=\"elementor-widget-container\">\n\t\t\t\t\t\t\t\t\t\t\t\t\t\t\t<img decoding=\"async\" width=\"747\" height=\"1024\" src=\"https:\/\/feuerwehr-strombach.de\/wordpress\/wp-content\/uploads\/2024\/05\/Grande1-747x1024.jpg\" class=\"attachment-large size-large wp-image-532\" alt=\"\" srcset=\"https:\/\/feuerwehr-strombach.de\/wordpress\/wp-content\/uploads\/2024\/05\/Grande1-747x1024.jpg 747w, https:\/\/feuerwehr-strombach.de\/wordpress\/wp-content\/uploads\/2024\/05\/Grande1-219x300.jpg 219w, https:\/\/feuerwehr-strombach.de\/wordpress\/wp-content\/uploads\/2024\/05\/Grande1-768x1053.jpg 768w, https:\/\/feuerwehr-strombach.de\/wordpress\/wp-content\/uploads\/2024\/05\/Grande1-1121x1536.jpg 1121w, https:\/\/feuerwehr-strombach.de\/wordpress\/wp-content\/uploads\/2024\/05\/Grande1.jpg 1155w\" sizes=\"(max-width: 747px) 100vw, 747px\" \/>\t\t\t\t\t\t\t\t\t\t\t\t\t\t\t<\/div>\n\t\t\t\t<\/div>\n\t\t\t\t<\/div>\n\t\t<div class=\"elementor-element elementor-element-07a7e5a e-con-full e-flex e-con e-child\" data-id=\"07a7e5a\" data-element_type=\"container\" data-e-type=\"container\">\n\t\t\t\t<div class=\"elementor-element elementor-element-3020021 elementor-widget elementor-widget-text-editor\" data-id=\"3020021\" data-element_type=\"widget\" data-e-type=\"widget\" data-widget_type=\"text-editor.default\">\n\t\t\t\t<div class=\"elementor-widget-container\">\n\t\t\t\t\t\t\t\t\t<p style=\"padding-left: 40px;\"><br \/>Giancarlo Grande<br \/>Oberbrandmeister<br \/>Stellvertretender Einheitsf\u00fchrer<\/p>\t\t\t\t\t\t\t\t<\/div>\n\t\t\t\t<\/div>\n\t\t\t\t<\/div>\n\t\t\t\t<\/div>\n\t\t\t\t<\/div>\n\t\t<div class=\"elementor-element elementor-element-7b2ab32 e-flex e-con-boxed e-con e-parent\" data-id=\"7b2ab32\" data-element_type=\"container\" data-e-type=\"container\">\n\t\t\t\t\t<div class=\"e-con-inner\">\n\t\t\t\t<div class=\"elementor-element elementor-element-7f8602c elementor-widget elementor-widget-spacer\" data-id=\"7f8602c\" data-element_type=\"widget\" data-e-type=\"widget\" data-widget_type=\"spacer.default\">\n\t\t\t\t<div class=\"elementor-widget-container\">\n\t\t\t\t\t\t\t<div class=\"elementor-spacer\">\n\t\t\t<div class=\"elementor-spacer-inner\"><\/div>\n\t\t<\/div>\n\t\t\t\t\t\t<\/div>\n\t\t\t\t<\/div>\n\t\t\t\t\t<\/div>\n\t\t\t\t<\/div>\n\t\t<div class=\"elementor-element elementor-element-a5d525a e-con-full e-flex e-con e-parent\" data-id=\"a5d525a\" data-element_type=\"container\" data-e-type=\"container\" data-settings=\"{&quot;background_background&quot;:&quot;classic&quot;}\">\n\t\t<div class=\"elementor-element elementor-element-d3cbb56 e-con-full e-flex e-con e-child\" data-id=\"d3cbb56\" data-element_type=\"container\" data-e-type=\"container\">\n\t\t\t\t<div class=\"elementor-element elementor-element-7386961 elementor-widget elementor-widget-text-editor\" data-id=\"7386961\" data-element_type=\"widget\" data-e-type=\"widget\" data-widget_type=\"text-editor.default\">\n\t\t\t\t<div class=\"elementor-widget-container\">\n\t\t\t\t\t\t\t\t\t<p>Qualifikationen<\/p>\t\t\t\t\t\t\t\t<\/div>\n\t\t\t\t<\/div>\n\t\t\t\t<\/div>\n\t\t<div class=\"elementor-element elementor-element-d470f51 e-con-full e-flex e-con e-child\" data-id=\"d470f51\" data-element_type=\"container\" data-e-type=\"container\">\n\t\t\t\t<\/div>\n\t\t\t\t<\/div>\n\t\t<div class=\"elementor-element elementor-element-fdc7485 e-flex e-con-boxed e-con e-parent\" data-id=\"fdc7485\" data-element_type=\"container\" data-e-type=\"container\">\n\t\t\t\t\t<div class=\"e-con-inner\">\n\t\t\t\t<div class=\"elementor-element elementor-element-88286ca elementor-widget elementor-widget-image\" data-id=\"88286ca\" data-element_type=\"widget\" data-e-type=\"widget\" data-widget_type=\"image.default\">\n\t\t\t\t<div class=\"elementor-widget-container\">\n\t\t\t\t\t\t\t\t\t\t\t\t\t\t\t<img loading=\"lazy\" decoding=\"async\" width=\"1654\" height=\"2339\" src=\"https:\/\/feuerwehr-strombach.de\/wordpress\/wp-content\/uploads\/2026\/03\/Dienstgrad.jpg\" class=\"attachment-full size-full wp-image-1842\" alt=\"\" srcset=\"https:\/\/feuerwehr-strombach.de\/wordpress\/wp-content\/uploads\/2026\/03\/Dienstgrad.jpg 1654w, https:\/\/feuerwehr-strombach.de\/wordpress\/wp-content\/uploads\/2026\/03\/Dienstgrad-212x300.jpg 212w, https:\/\/feuerwehr-strombach.de\/wordpress\/wp-content\/uploads\/2026\/03\/Dienstgrad-724x1024.jpg 724w, https:\/\/feuerwehr-strombach.de\/wordpress\/wp-content\/uploads\/2026\/03\/Dienstgrad-768x1086.jpg 768w, https:\/\/feuerwehr-strombach.de\/wordpress\/wp-content\/uploads\/2026\/03\/Dienstgrad-1086x1536.jpg 1086w, https:\/\/feuerwehr-strombach.de\/wordpress\/wp-content\/uploads\/2026\/03\/Dienstgrad-1448x2048.jpg 1448w\" sizes=\"(max-width: 1654px) 100vw, 1654px\" \/>\t\t\t\t\t\t\t\t\t\t\t\t\t\t\t<\/div>\n\t\t\t\t<\/div>\n\t\t\t\t\t<\/div>\n\t\t\t\t<\/div>\n\t\t\t\t<\/div>\n\t\t","protected":false},"excerpt":{"rendered":"<p>Wir unterst\u00fctzen dieL\u00f6schgruppe Strombach-Lobscheid derFreiwilligen Feuerwehr Gummersbach L\u00f6schgruppe Einheitsf\u00fchrung Dr. Andreas EsserHauptbrandmeisterEinheitsf\u00fchrer Giancarlo GrandeOberbrandmeisterStellvertretender Einheitsf\u00fchrer Qualifikationen<\/p>\n","protected":false},"author":1,"featured_media":0,"parent":0,"menu_order":0,"comment_status":"closed","ping_status":"closed","template":"elementor_header_footer","meta":{"footnotes":""},"class_list":["post-510","page","type-page","status-publish","hentry"],"_links":{"self":[{"href":"https:\/\/feuerwehr-strombach.de\/wordpress\/index.php\/wp-json\/wp\/v2\/pages\/510","targetHints":{"allow":["GET"]}}],"collection":[{"href":"https:\/\/feuerwehr-strombach.de\/wordpress\/index.php\/wp-json\/wp\/v2\/pages"}],"about":[{"href":"https:\/\/feuerwehr-strombach.de\/wordpress\/index.php\/wp-json\/wp\/v2\/types\/page"}],"author":[{"embeddable":true,"href":"https:\/\/feuerwehr-strombach.de\/wordpress\/index.php\/wp-json\/wp\/v2\/users\/1"}],"replies":[{"embeddable":true,"href":"https:\/\/feuerwehr-strombach.de\/wordpress\/index.php\/wp-json\/wp\/v2\/comments?post=510"}],"version-history":[{"count":241,"href":"https:\/\/feuerwehr-strombach.de\/wordpress\/index.php\/wp-json\/wp\/v2\/pages\/510\/revisions"}],"predecessor-version":[{"id":1845,"href":"https:\/\/feuerwehr-strombach.de\/wordpress\/index.php\/wp-json\/wp\/v2\/pages\/510\/revisions\/1845"}],"wp:attachment":[{"href":"https:\/\/feuerwehr-strombach.de\/wordpress\/index.php\/wp-json\/wp\/v2\/media?parent=510"}],"curies":[{"name":"wp","href":"https:\/\/api.w.org\/{rel}","templated":true}]}}