{"id":389,"date":"2024-05-05T15:59:28","date_gmt":"2024-05-05T13:59:28","guid":{"rendered":"https:\/\/feuerwehr-strombach.de\/wordpress\/?page_id=389"},"modified":"2026-03-26T17:44:17","modified_gmt":"2026-03-26T16:44:17","slug":"veranstaltungen-2","status":"publish","type":"page","link":"https:\/\/feuerwehr-strombach.de\/wordpress\/index.php\/veranstaltungen-2\/","title":{"rendered":"Veranstaltungen"},"content":{"rendered":"\t\t<div data-elementor-type=\"wp-page\" data-elementor-id=\"389\" class=\"elementor elementor-389\">\n\t\t\t\t<div class=\"elementor-element elementor-element-2ee8fac e-con-full e-flex e-con e-parent\" data-id=\"2ee8fac\" data-element_type=\"container\" data-e-type=\"container\">\n\t\t\t\t<div class=\"elementor-element elementor-element-7a5c9e0 elementor-widget elementor-widget-text-editor\" data-id=\"7a5c9e0\" data-element_type=\"widget\" data-e-type=\"widget\" data-widget_type=\"text-editor.default\">\n\t\t\t\t<div class=\"elementor-widget-container\">\n\t\t\t\t\t\t\t\t\t<p style=\"text-align: left;\"><br \/>Wir unterst\u00fctzen die<br \/>L\u00f6schgruppe Strombach-Lobscheid der<br \/>Freiwilligen Feuerwehr Gummersbach<br \/><br \/><\/p>\t\t\t\t\t\t\t\t<\/div>\n\t\t\t\t<\/div>\n\t\t\t\t<\/div>\n\t\t<div class=\"elementor-element elementor-element-81b1d76 e-flex e-con-boxed e-con e-parent\" data-id=\"81b1d76\" data-element_type=\"container\" data-e-type=\"container\">\n\t\t\t\t\t<div class=\"e-con-inner\">\n\t\t\t\t<div class=\"elementor-element elementor-element-56c5c55 elementor-widget elementor-widget-spacer\" data-id=\"56c5c55\" data-element_type=\"widget\" data-e-type=\"widget\" data-widget_type=\"spacer.default\">\n\t\t\t\t<div class=\"elementor-widget-container\">\n\t\t\t\t\t\t\t<div class=\"elementor-spacer\">\n\t\t\t<div class=\"elementor-spacer-inner\"><\/div>\n\t\t<\/div>\n\t\t\t\t\t\t<\/div>\n\t\t\t\t<\/div>\n\t\t<div class=\"elementor-element elementor-element-1e49507 e-con-full e-flex e-con e-child\" data-id=\"1e49507\" data-element_type=\"container\" data-e-type=\"container\">\n\t\t<div class=\"elementor-element elementor-element-097b8af e-flex e-con-boxed e-con e-child\" data-id=\"097b8af\" data-element_type=\"container\" data-e-type=\"container\">\n\t\t\t\t\t<div class=\"e-con-inner\">\n\t\t\t\t\t<\/div>\n\t\t\t\t<\/div>\n\t\t<div class=\"elementor-element elementor-element-a7b7ce8 e-flex e-con-boxed e-con e-child\" data-id=\"a7b7ce8\" data-element_type=\"container\" data-e-type=\"container\">\n\t\t\t\t\t<div class=\"e-con-inner\">\n\t\t<div class=\"elementor-element elementor-element-1f40260 e-flex e-con-boxed e-con e-child\" data-id=\"1f40260\" data-element_type=\"container\" data-e-type=\"container\">\n\t\t\t\t\t<div class=\"e-con-inner\">\n\t\t<div class=\"elementor-element elementor-element-bb40ec3 e-flex e-con-boxed e-con e-child\" data-id=\"bb40ec3\" data-element_type=\"container\" data-e-type=\"container\">\n\t\t\t\t\t<div class=\"e-con-inner\">\n\t\t<div class=\"elementor-element elementor-element-9788e33 e-con-full e-flex e-con e-child\" data-id=\"9788e33\" data-element_type=\"container\" data-e-type=\"container\">\n\t\t\t\t<div class=\"elementor-element elementor-element-7112e8e elementor-widget elementor-widget-spacer\" data-id=\"7112e8e\" data-element_type=\"widget\" data-e-type=\"widget\" data-widget_type=\"spacer.default\">\n\t\t\t\t<div class=\"elementor-widget-container\">\n\t\t\t\t\t\t\t<div class=\"elementor-spacer\">\n\t\t\t<div class=\"elementor-spacer-inner\"><\/div>\n\t\t<\/div>\n\t\t\t\t\t\t<\/div>\n\t\t\t\t<\/div>\n\t\t\t\t<\/div>\n\t\t<div class=\"elementor-element elementor-element-3bff113 e-flex e-con-boxed e-con e-child\" data-id=\"3bff113\" data-element_type=\"container\" data-e-type=\"container\">\n\t\t\t\t\t<div class=\"e-con-inner\">\n\t\t\t\t<div class=\"elementor-element elementor-element-abdf318 elementor-widget elementor-widget-text-editor\" data-id=\"abdf318\" data-element_type=\"widget\" data-e-type=\"widget\" data-widget_type=\"text-editor.default\">\n\t\t\t\t<div class=\"elementor-widget-container\">\n\t\t\t\t\t\t\t\t\t<p><b><span style=\"color: #666666; font-family: Arial; font-size: xx-large;\">Feuerwehrfest<\/span><\/b><\/p><p><span style=\"color: #666666; font-size: large;\"><b><span style=\"font-family: Arial;\"><br \/>Samstag, 04. Juli 2026, ab 17.30 Uhr im und um das neue Ger\u00e4tehaus<\/span><\/b><\/span><\/p><p><span style=\"color: #808080; font-family: Verdana; font-size: medium;\"><b>Wir starten um 17.30 Uhr mit einem \u00f6kumenischen<br \/>Dankgottesdienst, der der Arbeit der Feuerwehr gewidmet<br \/>ist. In diesem Jahr wird u.a. Willibert Pauels mitwirken.<\/b><\/span><\/p><p><span style=\"color: #808080; font-family: Verdana; font-size: medium;\"><b>Anschlie\u00dfend geht es mit einem D\u00e4mmerschoppen weiter, <\/b><\/span><span style=\"color: #808080; font-family: Verdana; font-size: medium;\"><b>ab 19.30 Uhr Party mit Musik und Tanz, ein DJ legt auf.<\/b><\/span><\/p><p><span style=\"color: #808080; font-family: Verdana; font-size: medium;\"><b>Verbringen Sie einen Abend in gem\u00fctlicher\u00a0Atmosph\u00e4re <\/b><\/span><b><span style=\"color: #808080; font-family: Verdana; font-size: medium;\">und geselliger Runde.<\/span><\/b><\/p><p><b><span style=\"color: #808080; font-family: Verdana; font-size: medium;\">F\u00fcr das leibliche Wohl ist in fester und fl\u00fcssiger Form bestens gesorgt.\u00a0<\/span><\/b><\/p><p><b><span style=\"color: #ff0000; font-family: Verdana; font-size: medium;\">\u00a0<\/span><span style=\"color: #ff0000; font-family: Verdana; font-size: large;\"> Eintritt frei !<\/span><\/b><\/p><p align=\"justify\"><b><span style=\"color: #808080; font-family: Verdana; font-size: medium;\">Auf Ihren Besuch freut sich die<\/span><\/b><\/p><p align=\"justify\"><b><span style=\"color: #808080; font-family: Verdana; font-size: medium;\">Freiwillige Feuerwehr Strombach-Lobscheid<\/span><\/b><\/p><p align=\"center\"><b><span style=\"font-family: Verdana; font-size: medium;\">Wir kommen, wenn&#8217;s brennt;\u00a0<br \/>kommen Sie, wenn wir feiern !<\/span><\/b><\/p><p align=\"justify\"><span style=\"color: #666666; font-family: Verdana; font-size: medium;\"><b><br \/>Auf Ihren Besuch freut sich die\u00a0\u00a0\u00a0\u00a0\u00a0<\/b><\/span><\/p><h6>Freiwillige Feuerwehr Strombach-Lobscheid<br \/><br \/><br \/><\/h6>\t\t\t\t\t\t\t\t<\/div>\n\t\t\t\t<\/div>\n\t\t\t\t\t<\/div>\n\t\t\t\t<\/div>\n\t\t\t\t\t<\/div>\n\t\t\t\t<\/div>\n\t\t\t\t\t<\/div>\n\t\t\t\t<\/div>\n\t\t\t\t\t<\/div>\n\t\t\t\t<\/div>\n\t\t\t\t<\/div>\n\t\t\t\t\t<\/div>\n\t\t\t\t<\/div>\n\t\t<div class=\"elementor-element elementor-element-a96f46f e-flex e-con-boxed e-con e-parent\" data-id=\"a96f46f\" data-element_type=\"container\" data-e-type=\"container\">\n\t\t\t\t\t<div class=\"e-con-inner\">\n\t\t\t\t<div class=\"elementor-element elementor-element-7ca5de8 elementor-widget-divider--view-line elementor-widget elementor-widget-divider\" data-id=\"7ca5de8\" data-element_type=\"widget\" data-e-type=\"widget\" data-widget_type=\"divider.default\">\n\t\t\t\t<div class=\"elementor-widget-container\">\n\t\t\t\t\t\t\t<div class=\"elementor-divider\">\n\t\t\t<span class=\"elementor-divider-separator\">\n\t\t\t\t\t\t<\/span>\n\t\t<\/div>\n\t\t\t\t\t\t<\/div>\n\t\t\t\t<\/div>\n\t\t\t\t\t<\/div>\n\t\t\t\t<\/div>\n\t\t<div class=\"elementor-element elementor-element-9d102ee e-flex e-con-boxed e-con e-parent\" data-id=\"9d102ee\" data-element_type=\"container\" data-e-type=\"container\">\n\t\t\t\t\t<div class=\"e-con-inner\">\n\t\t<div class=\"elementor-element elementor-element-789074a e-flex e-con-boxed e-con e-child\" data-id=\"789074a\" data-element_type=\"container\" data-e-type=\"container\">\n\t\t\t\t\t<div class=\"e-con-inner\">\n\t\t<div class=\"elementor-element elementor-element-03e5268 e-flex e-con-boxed e-con e-child\" data-id=\"03e5268\" data-element_type=\"container\" data-e-type=\"container\">\n\t\t\t\t\t<div class=\"e-con-inner\">\n\t\t<div class=\"elementor-element elementor-element-3e2a610 e-con-full e-flex e-con e-child\" data-id=\"3e2a610\" data-element_type=\"container\" data-e-type=\"container\">\n\t\t\t\t<div class=\"elementor-element elementor-element-788c4c3 elementor-widget elementor-widget-image\" data-id=\"788c4c3\" data-element_type=\"widget\" data-e-type=\"widget\" data-widget_type=\"image.default\">\n\t\t\t\t<div class=\"elementor-widget-container\">\n\t\t\t\t\t\t\t\t\t\t\t\t\t\t\t<img fetchpriority=\"high\" decoding=\"async\" width=\"800\" height=\"600\" src=\"https:\/\/feuerwehr-strombach.de\/wordpress\/wp-content\/uploads\/2024\/11\/Martinszug-1a-1024x768.jpg\" class=\"attachment-large size-large wp-image-1124\" alt=\"\" srcset=\"https:\/\/feuerwehr-strombach.de\/wordpress\/wp-content\/uploads\/2024\/11\/Martinszug-1a-1024x768.jpg 1024w, https:\/\/feuerwehr-strombach.de\/wordpress\/wp-content\/uploads\/2024\/11\/Martinszug-1a-300x225.jpg 300w, https:\/\/feuerwehr-strombach.de\/wordpress\/wp-content\/uploads\/2024\/11\/Martinszug-1a-768x576.jpg 768w, https:\/\/feuerwehr-strombach.de\/wordpress\/wp-content\/uploads\/2024\/11\/Martinszug-1a-1536x1152.jpg 1536w, https:\/\/feuerwehr-strombach.de\/wordpress\/wp-content\/uploads\/2024\/11\/Martinszug-1a.jpg 1984w\" sizes=\"(max-width: 800px) 100vw, 800px\" \/>\t\t\t\t\t\t\t\t\t\t\t\t\t\t\t<\/div>\n\t\t\t\t<\/div>\n\t\t\t\t<div class=\"elementor-element elementor-element-b9c2468 elementor-widget elementor-widget-spacer\" data-id=\"b9c2468\" data-element_type=\"widget\" data-e-type=\"widget\" data-widget_type=\"spacer.default\">\n\t\t\t\t<div class=\"elementor-widget-container\">\n\t\t\t\t\t\t\t<div class=\"elementor-spacer\">\n\t\t\t<div class=\"elementor-spacer-inner\"><\/div>\n\t\t<\/div>\n\t\t\t\t\t\t<\/div>\n\t\t\t\t<\/div>\n\t\t\t\t<div class=\"elementor-element elementor-element-a33a81c elementor-widget elementor-widget-image\" data-id=\"a33a81c\" data-element_type=\"widget\" data-e-type=\"widget\" data-widget_type=\"image.default\">\n\t\t\t\t<div class=\"elementor-widget-container\">\n\t\t\t\t\t\t\t\t\t\t\t\t\t\t\t<img decoding=\"async\" width=\"800\" height=\"631\" src=\"https:\/\/feuerwehr-strombach.de\/wordpress\/wp-content\/uploads\/2024\/11\/Martinszug-5a-1024x808.jpg\" class=\"attachment-large size-large wp-image-1128\" alt=\"\" srcset=\"https:\/\/feuerwehr-strombach.de\/wordpress\/wp-content\/uploads\/2024\/11\/Martinszug-5a-1024x808.jpg 1024w, https:\/\/feuerwehr-strombach.de\/wordpress\/wp-content\/uploads\/2024\/11\/Martinszug-5a-300x237.jpg 300w, https:\/\/feuerwehr-strombach.de\/wordpress\/wp-content\/uploads\/2024\/11\/Martinszug-5a-768x606.jpg 768w, https:\/\/feuerwehr-strombach.de\/wordpress\/wp-content\/uploads\/2024\/11\/Martinszug-5a-1536x1212.jpg 1536w, https:\/\/feuerwehr-strombach.de\/wordpress\/wp-content\/uploads\/2024\/11\/Martinszug-5a.jpg 1680w\" sizes=\"(max-width: 800px) 100vw, 800px\" \/>\t\t\t\t\t\t\t\t\t\t\t\t\t\t\t<\/div>\n\t\t\t\t<\/div>\n\t\t\t\t<\/div>\n\t\t<div class=\"elementor-element elementor-element-a062f5e e-flex e-con-boxed e-con e-child\" data-id=\"a062f5e\" data-element_type=\"container\" data-e-type=\"container\">\n\t\t\t\t\t<div class=\"e-con-inner\">\n\t\t\t\t<div class=\"elementor-element elementor-element-918840d elementor-widget elementor-widget-text-editor\" data-id=\"918840d\" data-element_type=\"widget\" data-e-type=\"widget\" data-widget_type=\"text-editor.default\">\n\t\t\t\t<div class=\"elementor-widget-container\">\n\t\t\t\t\t\t\t\t\t<p><b><span style=\"color: #666666; font-family: Arial; font-size: xx-large;\">Fackelzug mit gro\u00dfem Martinsfeuer<\/span><\/b><\/p><p><span style=\"color: #666666; font-size: large;\"><b><span style=\"font-family: Arial;\"><br \/>Samstag, 07. November 2026, 17.15 Uhr\u00a0 <\/span><\/b><\/span><\/p><p><span style=\"color: #666666; font-size: large;\"><b><span style=\"font-family: Arial;\">Start: Johanniter-Kita Strombach<\/span><\/b><\/span><\/p><p align=\"justify\"><span style=\"color: #666666; font-family: Verdana; font-size: medium;\"><b>Der traditionelle Strombacher Martinszug ist einer der gr\u00f6\u00dften in der Umgebung. Jedes Jahr kommen mehrere Hundert kleine und gro\u00dfe Besucher, um mit Ihren Laternen und Fackeln dem St. Martin hoch zu Ro\u00df durch die Stra\u00dfen Strombachs zu folgen. Dazu spielt eine Blaskapelle bekannte Lieder, die zum Mitsingen einladen.<\/b><\/span><\/p><p align=\"justify\"><span style=\"color: #666666; font-family: Verdana; font-size: medium;\"><b>Nach dem Zug durch den Ort brennt beim Sportplatz ein gro\u00dfes Feuer, es gibt Gl\u00fchwein, Kakao, Weckm\u00e4nner und Bratwurst. Gutscheine f\u00fcr Weckm\u00e4nner m\u00fcssen vorab bei der B\u00e4ckerei Kelm (ehem. Gessner) in\u00a0Strombach erworben werden.<\/b><\/span><\/p><p align=\"justify\"><span style=\"color: #666666; font-family: Verdana; font-size: medium;\"><b>Pflegen Sie mit uns das alte Brauchtum des Martinszugs und g\u00f6nnen Sie sich und Ihren Kindern ein\u00a0 unvergessliches Erlebnis.<\/b><\/span><\/p><p align=\"justify\"><span style=\"color: #666666; font-family: Verdana; font-size: medium;\"><b><br \/>Auf Ihren Besuch freut sich die\u00a0\u00a0\u00a0\u00a0\u00a0<\/b><\/span><\/p><h6>Freiwillige Feuerwehr Strombach-Lobscheid<\/h6>\t\t\t\t\t\t\t\t<\/div>\n\t\t\t\t<\/div>\n\t\t\t\t\t<\/div>\n\t\t\t\t<\/div>\n\t\t\t\t\t<\/div>\n\t\t\t\t<\/div>\n\t\t\t\t\t<\/div>\n\t\t\t\t<\/div>\n\t\t\t\t\t<\/div>\n\t\t\t\t<\/div>\n\t\t<div class=\"elementor-element elementor-element-347c580 e-flex e-con-boxed e-con e-parent\" data-id=\"347c580\" data-element_type=\"container\" data-e-type=\"container\">\n\t\t\t\t\t<div class=\"e-con-inner\">\n\t\t\t\t<div class=\"elementor-element elementor-element-5a83aa5 elementor-widget elementor-widget-spacer\" data-id=\"5a83aa5\" data-element_type=\"widget\" data-e-type=\"widget\" data-widget_type=\"spacer.default\">\n\t\t\t\t<div class=\"elementor-widget-container\">\n\t\t\t\t\t\t\t<div class=\"elementor-spacer\">\n\t\t\t<div class=\"elementor-spacer-inner\"><\/div>\n\t\t<\/div>\n\t\t\t\t\t\t<\/div>\n\t\t\t\t<\/div>\n\t\t\t\t\t<\/div>\n\t\t\t\t<\/div>\n\t\t\t\t<\/div>\n\t\t","protected":false},"excerpt":{"rendered":"<p>Wir unterst\u00fctzen dieL\u00f6schgruppe Strombach-Lobscheid derFreiwilligen Feuerwehr Gummersbach Feuerwehrfest Samstag, 04. Juli 2026, ab 17.30 Uhr im und um das neue Ger\u00e4tehaus Wir starten um 17.30 Uhr mit einem \u00f6kumenischenDankgottesdienst, der der Arbeit der Feuerwehr gewidmetist. In diesem Jahr wird u.a. Willibert Pauels mitwirken. Anschlie\u00dfend geht es mit einem D\u00e4mmerschoppen weiter, ab 19.30 Uhr Party mit [&hellip;]<\/p>\n","protected":false},"author":1,"featured_media":0,"parent":0,"menu_order":0,"comment_status":"closed","ping_status":"closed","template":"elementor_header_footer","meta":{"footnotes":""},"class_list":["post-389","page","type-page","status-publish","hentry"],"_links":{"self":[{"href":"https:\/\/feuerwehr-strombach.de\/wordpress\/index.php\/wp-json\/wp\/v2\/pages\/389","targetHints":{"allow":["GET"]}}],"collection":[{"href":"https:\/\/feuerwehr-strombach.de\/wordpress\/index.php\/wp-json\/wp\/v2\/pages"}],"about":[{"href":"https:\/\/feuerwehr-strombach.de\/wordpress\/index.php\/wp-json\/wp\/v2\/types\/page"}],"author":[{"embeddable":true,"href":"https:\/\/feuerwehr-strombach.de\/wordpress\/index.php\/wp-json\/wp\/v2\/users\/1"}],"replies":[{"embeddable":true,"href":"https:\/\/feuerwehr-strombach.de\/wordpress\/index.php\/wp-json\/wp\/v2\/comments?post=389"}],"version-history":[{"count":120,"href":"https:\/\/feuerwehr-strombach.de\/wordpress\/index.php\/wp-json\/wp\/v2\/pages\/389\/revisions"}],"predecessor-version":[{"id":1858,"href":"https:\/\/feuerwehr-strombach.de\/wordpress\/index.php\/wp-json\/wp\/v2\/pages\/389\/revisions\/1858"}],"wp:attachment":[{"href":"https:\/\/feuerwehr-strombach.de\/wordpress\/index.php\/wp-json\/wp\/v2\/media?parent=389"}],"curies":[{"name":"wp","href":"https:\/\/api.w.org\/{rel}","templated":true}]}}