{"id":132,"date":"2024-04-25T11:39:31","date_gmt":"2024-04-25T09:39:31","guid":{"rendered":"https:\/\/feuerwehr-strombach.de\/wordpress\/index.php\/home\/"},"modified":"2025-10-30T17:34:31","modified_gmt":"2025-10-30T16:34:31","slug":"home","status":"publish","type":"page","link":"https:\/\/feuerwehr-strombach.de\/wordpress\/","title":{"rendered":"Home"},"content":{"rendered":"\t\t<div data-elementor-type=\"wp-page\" data-elementor-id=\"132\" class=\"elementor elementor-132\">\n\t\t\t\t<div class=\"elementor-element elementor-element-568cf95 e-con-full e-flex e-con e-parent\" data-id=\"568cf95\" data-element_type=\"container\" data-e-type=\"container\">\n\t\t\t\t<div class=\"elementor-element elementor-element-a66a491 elementor-widget elementor-widget-text-editor\" data-id=\"a66a491\" data-element_type=\"widget\" data-e-type=\"widget\" data-widget_type=\"text-editor.default\">\n\t\t\t\t<div class=\"elementor-widget-container\">\n\t\t\t\t\t\t\t\t\t<p style=\"text-align: left;\"><br \/>Wir unterst\u00fctzen die<br \/>L\u00f6schgruppe Strombach-Lobscheid der<br \/>Freiwilligen Feuerwehr Gummersbach<\/p>\t\t\t\t\t\t\t\t<\/div>\n\t\t\t\t<\/div>\n\t\t\t\t<\/div>\n\t\t<div class=\"elementor-element elementor-element-5db1351 e-con-full e-flex e-con e-parent\" data-id=\"5db1351\" data-element_type=\"container\" data-e-type=\"container\">\n\t\t\t\t<div class=\"elementor-element elementor-element-cdf1bc0 elementor-widget__width-inherit elementor-arrows-position-inside elementor-pagination-position-outside elementor-invisible elementor-widget elementor-widget-image-carousel\" data-id=\"cdf1bc0\" data-element_type=\"widget\" data-e-type=\"widget\" data-settings=\"{&quot;slides_to_show&quot;:&quot;1&quot;,&quot;autoplay_speed&quot;:4000,&quot;effect&quot;:&quot;fade&quot;,&quot;speed&quot;:1500,&quot;_animation&quot;:&quot;fadeIn&quot;,&quot;navigation&quot;:&quot;both&quot;,&quot;autoplay&quot;:&quot;yes&quot;,&quot;infinite&quot;:&quot;yes&quot;}\" data-widget_type=\"image-carousel.default\">\n\t\t\t\t<div class=\"elementor-widget-container\">\n\t\t\t\t\t\t\t<div class=\"elementor-image-carousel-wrapper swiper\" role=\"region\" aria-roledescription=\"carousel\" aria-label=\"Bild Karussell\" dir=\"ltr\">\n\t\t\t<div class=\"elementor-image-carousel swiper-wrapper swiper-image-stretch\" aria-live=\"off\">\n\t\t\t\t\t\t\t\t<div class=\"swiper-slide\" role=\"group\" aria-roledescription=\"slide\" aria-label=\"1 von 3\"><figure class=\"swiper-slide-inner\"><img decoding=\"async\" class=\"swiper-slide-image\" src=\"https:\/\/feuerwehr-strombach.de\/wordpress\/wp-content\/uploads\/2024\/05\/Fadhzeughalle_1-klein-1024x683.jpg\" alt=\"Fadhzeughalle_1 klein\" \/><\/figure><\/div><div class=\"swiper-slide\" role=\"group\" aria-roledescription=\"slide\" aria-label=\"2 von 3\"><figure class=\"swiper-slide-inner\"><img decoding=\"async\" class=\"swiper-slide-image\" src=\"https:\/\/feuerwehr-strombach.de\/wordpress\/wp-content\/uploads\/2024\/05\/Fahrzeughalle_2-klein-1024x683.jpg\" alt=\"Fahrzeughalle_2 klein\" \/><\/figure><\/div><div class=\"swiper-slide\" role=\"group\" aria-roledescription=\"slide\" aria-label=\"3 von 3\"><figure class=\"swiper-slide-inner\"><img decoding=\"async\" class=\"swiper-slide-image\" src=\"https:\/\/feuerwehr-strombach.de\/wordpress\/wp-content\/uploads\/2025\/10\/Fahrzeughalle-Beleuchtet-1024x681.jpg\" alt=\"Fahrzeughalle Beleuchtet\" \/><\/figure><\/div>\t\t\t<\/div>\n\t\t\t\t\t\t\t\t\t\t\t\t<div class=\"elementor-swiper-button elementor-swiper-button-prev\" role=\"button\" tabindex=\"0\">\n\t\t\t\t\t\t<svg aria-hidden=\"true\" class=\"e-font-icon-svg e-eicon-chevron-left\" viewBox=\"0 0 1000 1000\" xmlns=\"http:\/\/www.w3.org\/2000\/svg\"><path d=\"M646 125C629 125 613 133 604 142L308 442C296 454 292 471 292 487 292 504 296 521 308 533L604 854C617 867 629 875 646 875 663 875 679 871 692 858 704 846 713 829 713 812 713 796 708 779 692 767L438 487 692 225C700 217 708 204 708 187 708 171 704 154 692 142 675 129 663 125 646 125Z\"><\/path><\/svg>\t\t\t\t\t<\/div>\n\t\t\t\t\t<div class=\"elementor-swiper-button elementor-swiper-button-next\" role=\"button\" tabindex=\"0\">\n\t\t\t\t\t\t<svg aria-hidden=\"true\" class=\"e-font-icon-svg e-eicon-chevron-right\" viewBox=\"0 0 1000 1000\" xmlns=\"http:\/\/www.w3.org\/2000\/svg\"><path d=\"M696 533C708 521 713 504 713 487 713 471 708 454 696 446L400 146C388 133 375 125 354 125 338 125 325 129 313 142 300 154 292 171 292 187 292 204 296 221 308 233L563 492 304 771C292 783 288 800 288 817 288 833 296 850 308 863 321 871 338 875 354 875 371 875 388 867 400 854L696 533Z\"><\/path><\/svg>\t\t\t\t\t<\/div>\n\t\t\t\t\n\t\t\t\t\t\t\t\t\t<div class=\"swiper-pagination\"><\/div>\n\t\t\t\t\t\t\t\t\t<\/div>\n\t\t\t\t\t\t<\/div>\n\t\t\t\t<\/div>\n\t\t\t\t<\/div>\n\t\t<div class=\"elementor-element elementor-element-7b22c5e e-flex e-con-boxed e-con e-parent\" data-id=\"7b22c5e\" data-element_type=\"container\" data-e-type=\"container\">\n\t\t\t\t\t<div class=\"e-con-inner\">\n\t\t\t\t<div class=\"elementor-element elementor-element-138bb07 elementor-widget elementor-widget-spacer\" data-id=\"138bb07\" data-element_type=\"widget\" data-e-type=\"widget\" data-widget_type=\"spacer.default\">\n\t\t\t\t<div class=\"elementor-widget-container\">\n\t\t\t\t\t\t\t<div class=\"elementor-spacer\">\n\t\t\t<div class=\"elementor-spacer-inner\"><\/div>\n\t\t<\/div>\n\t\t\t\t\t\t<\/div>\n\t\t\t\t<\/div>\n\t\t\t\t\t<\/div>\n\t\t\t\t<\/div>\n\t\t<div class=\"elementor-element elementor-element-b4ae791 e-con-full e-flex e-con e-parent\" data-id=\"b4ae791\" data-element_type=\"container\" data-e-type=\"container\" data-settings=\"{&quot;background_background&quot;:&quot;classic&quot;}\">\n\t\t<div class=\"elementor-element elementor-element-05d9045 e-con-full e-flex e-con e-child\" data-id=\"05d9045\" data-element_type=\"container\" data-e-type=\"container\">\n\t\t<div class=\"elementor-element elementor-element-9c7d54a e-con-full e-flex e-con e-child\" data-id=\"9c7d54a\" data-element_type=\"container\" data-e-type=\"container\">\n\t\t\t\t<div class=\"elementor-element elementor-element-31fdeb3 elementor-widget elementor-widget-heading\" data-id=\"31fdeb3\" data-element_type=\"widget\" data-e-type=\"widget\" data-widget_type=\"heading.default\">\n\t\t\t\t<div class=\"elementor-widget-container\">\n\t\t\t\t\t<h3 class=\"elementor-heading-title elementor-size-default\">Team<\/h3>\t\t\t\t<\/div>\n\t\t\t\t<\/div>\n\t\t\t\t<div class=\"elementor-element elementor-element-e22f846 elementor-position-top elementor-widget elementor-widget-image-box\" data-id=\"e22f846\" data-element_type=\"widget\" data-e-type=\"widget\" data-widget_type=\"image-box.default\">\n\t\t\t\t<div class=\"elementor-widget-container\">\n\t\t\t\t\t<div class=\"elementor-image-box-wrapper\"><figure class=\"elementor-image-box-img\"><a href=\"https:\/\/feuerwehr-strombach.de\/wordpress\/index.php\/personal\/\" tabindex=\"-1\"><img fetchpriority=\"high\" decoding=\"async\" width=\"2560\" height=\"1876\" src=\"https:\/\/feuerwehr-strombach.de\/wordpress\/wp-content\/uploads\/2024\/04\/Gruppenfoto_2024-04-klein-scaled.jpg\" class=\"attachment-full size-full wp-image-104\" alt=\"\" srcset=\"https:\/\/feuerwehr-strombach.de\/wordpress\/wp-content\/uploads\/2024\/04\/Gruppenfoto_2024-04-klein-scaled.jpg 2560w, https:\/\/feuerwehr-strombach.de\/wordpress\/wp-content\/uploads\/2024\/04\/Gruppenfoto_2024-04-klein-300x220.jpg 300w, https:\/\/feuerwehr-strombach.de\/wordpress\/wp-content\/uploads\/2024\/04\/Gruppenfoto_2024-04-klein-1024x751.jpg 1024w, https:\/\/feuerwehr-strombach.de\/wordpress\/wp-content\/uploads\/2024\/04\/Gruppenfoto_2024-04-klein-768x563.jpg 768w, https:\/\/feuerwehr-strombach.de\/wordpress\/wp-content\/uploads\/2024\/04\/Gruppenfoto_2024-04-klein-1536x1126.jpg 1536w, https:\/\/feuerwehr-strombach.de\/wordpress\/wp-content\/uploads\/2024\/04\/Gruppenfoto_2024-04-klein-2048x1501.jpg 2048w\" sizes=\"(max-width: 2560px) 100vw, 2560px\" \/><\/a><\/figure><\/div>\t\t\t\t<\/div>\n\t\t\t\t<\/div>\n\t\t\t\t<\/div>\n\t\t<div class=\"elementor-element elementor-element-52ffa9f e-con-full e-flex e-con e-child\" data-id=\"52ffa9f\" data-element_type=\"container\" data-e-type=\"container\">\n\t\t\t\t<div class=\"elementor-element elementor-element-a5fee35 elementor-widget elementor-widget-heading\" data-id=\"a5fee35\" data-element_type=\"widget\" data-e-type=\"widget\" data-widget_type=\"heading.default\">\n\t\t\t\t<div class=\"elementor-widget-container\">\n\t\t\t\t\t<h3 class=\"elementor-heading-title elementor-size-default\">Technik<\/h3>\t\t\t\t<\/div>\n\t\t\t\t<\/div>\n\t\t\t\t<div class=\"elementor-element elementor-element-541cbf1 elementor-position-top elementor-widget elementor-widget-image-box\" data-id=\"541cbf1\" data-element_type=\"widget\" data-e-type=\"widget\" data-widget_type=\"image-box.default\">\n\t\t\t\t<div class=\"elementor-widget-container\">\n\t\t\t\t\t<div class=\"elementor-image-box-wrapper\"><figure class=\"elementor-image-box-img\"><a href=\"https:\/\/feuerwehr-strombach.de\/wordpress\/index.php\/technik\/fahrzeuge\/\" tabindex=\"-1\"><img decoding=\"async\" width=\"1282\" height=\"855\" src=\"https:\/\/feuerwehr-strombach.de\/wordpress\/wp-content\/uploads\/2024\/05\/LF20-klein.jpg\" class=\"attachment-full size-full wp-image-440\" alt=\"\" srcset=\"https:\/\/feuerwehr-strombach.de\/wordpress\/wp-content\/uploads\/2024\/05\/LF20-klein.jpg 1282w, https:\/\/feuerwehr-strombach.de\/wordpress\/wp-content\/uploads\/2024\/05\/LF20-klein-300x200.jpg 300w, https:\/\/feuerwehr-strombach.de\/wordpress\/wp-content\/uploads\/2024\/05\/LF20-klein-1024x683.jpg 1024w, https:\/\/feuerwehr-strombach.de\/wordpress\/wp-content\/uploads\/2024\/05\/LF20-klein-768x512.jpg 768w, https:\/\/feuerwehr-strombach.de\/wordpress\/wp-content\/uploads\/2024\/05\/LF20-klein-272x182.jpg 272w\" sizes=\"(max-width: 1282px) 100vw, 1282px\" \/><\/a><\/figure><\/div>\t\t\t\t<\/div>\n\t\t\t\t<\/div>\n\t\t\t\t<\/div>\n\t\t<div class=\"elementor-element elementor-element-5685a05 e-con-full e-flex e-con e-child\" data-id=\"5685a05\" data-element_type=\"container\" data-e-type=\"container\">\n\t\t\t\t<div class=\"elementor-element elementor-element-76d5a86 elementor-widget elementor-widget-heading\" data-id=\"76d5a86\" data-element_type=\"widget\" data-e-type=\"widget\" data-widget_type=\"heading.default\">\n\t\t\t\t<div class=\"elementor-widget-container\">\n\t\t\t\t\t<h3 class=\"elementor-heading-title elementor-size-default\">Geschichte<\/h3>\t\t\t\t<\/div>\n\t\t\t\t<\/div>\n\t\t\t\t<div class=\"elementor-element elementor-element-e842c47 elementor-position-top elementor-widget elementor-widget-image-box\" data-id=\"e842c47\" data-element_type=\"widget\" data-e-type=\"widget\" data-widget_type=\"image-box.default\">\n\t\t\t\t<div class=\"elementor-widget-container\">\n\t\t\t\t\t<div class=\"elementor-image-box-wrapper\"><figure class=\"elementor-image-box-img\"><a href=\"http:\/\/www.feuerwehr-strombach.de\/wordpress\/index.php\/loeschgruppe\/geschichte\/\" tabindex=\"-1\"><img decoding=\"async\" width=\"606\" height=\"400\" src=\"https:\/\/feuerwehr-strombach.de\/wordpress\/wp-content\/uploads\/2024\/05\/1927.jpg\" class=\"attachment-full size-full wp-image-902\" alt=\"\" srcset=\"https:\/\/feuerwehr-strombach.de\/wordpress\/wp-content\/uploads\/2024\/05\/1927.jpg 606w, https:\/\/feuerwehr-strombach.de\/wordpress\/wp-content\/uploads\/2024\/05\/1927-300x198.jpg 300w\" sizes=\"(max-width: 606px) 100vw, 606px\" \/><\/a><\/figure><\/div>\t\t\t\t<\/div>\n\t\t\t\t<\/div>\n\t\t\t\t<\/div>\n\t\t\t\t<\/div>\n\t\t\t\t<\/div>\n\t\t<div class=\"elementor-element elementor-element-5043c57 e-flex e-con-boxed e-con e-parent\" data-id=\"5043c57\" data-element_type=\"container\" data-e-type=\"container\">\n\t\t\t\t\t<div class=\"e-con-inner\">\n\t\t\t\t\t<\/div>\n\t\t\t\t<\/div>\n\t\t<div class=\"elementor-element elementor-element-56d7500 e-con-full e-flex e-con e-parent\" data-id=\"56d7500\" data-element_type=\"container\" data-e-type=\"container\" data-settings=\"{&quot;background_background&quot;:&quot;classic&quot;}\">\n\t\t<div class=\"elementor-element elementor-element-d464570 e-con-full e-flex e-con e-child\" data-id=\"d464570\" data-element_type=\"container\" data-e-type=\"container\" data-settings=\"{&quot;background_background&quot;:&quot;classic&quot;}\">\n\t\t\t\t<div class=\"elementor-element elementor-element-9f32eaf elementor-widget__width-initial elementor-widget elementor-widget-text-editor\" data-id=\"9f32eaf\" data-element_type=\"widget\" data-e-type=\"widget\" data-widget_type=\"text-editor.default\">\n\t\t\t\t<div class=\"elementor-widget-container\">\n\t\t\t\t\t\t\t\t\t<p style=\"padding-left: 80px;\"><strong><br \/>F\u00f6rderverein Feuerwehr Strombach e.V.<\/strong><\/p><p style=\"padding-left: 80px;\">Der F\u00f6rderverein finanziert sich aus Einnahmen durch Spenden und \u00f6ffentliche Veranstaltungen. Aus den Mitteln wird die Arbeit der L\u00f6schgruppe Strombach-Lobscheid, z.B. durch Anschaffung von Ausr\u00fcstungsgegenst\u00e4nden oder auch die Pflege der Kameradschaft, unterst\u00fctzt.<\/p><p style=\"padding-left: 80px;\">Bankverbindung:<br \/>IBAN DE57 3845 0000 0000 9332 59<br \/>BIC : WELADED1GMB<\/p>\t\t\t\t\t\t\t\t<\/div>\n\t\t\t\t<\/div>\n\t\t\t\t<\/div>\n\t\t<div class=\"elementor-element elementor-element-7ccde59 e-con-full e-flex e-con e-child\" data-id=\"7ccde59\" data-element_type=\"container\" data-e-type=\"container\" data-settings=\"{&quot;background_background&quot;:&quot;classic&quot;}\">\n\t\t\t\t<\/div>\n\t\t\t\t<\/div>\n\t\t\t\t<\/div>\n\t\t","protected":false},"excerpt":{"rendered":"<p>Wir unterst\u00fctzen dieL\u00f6schgruppe Strombach-Lobscheid derFreiwilligen Feuerwehr Gummersbach Team Technik Geschichte F\u00f6rderverein Feuerwehr Strombach e.V. Der F\u00f6rderverein finanziert sich aus Einnahmen durch Spenden und \u00f6ffentliche Veranstaltungen. Aus den Mitteln wird die Arbeit der L\u00f6schgruppe Strombach-Lobscheid, z.B. durch Anschaffung von Ausr\u00fcstungsgegenst\u00e4nden oder auch die Pflege der Kameradschaft, unterst\u00fctzt. Bankverbindung:IBAN DE57 3845 0000 0000 9332 59BIC : WELADED1GMB<\/p>\n","protected":false},"author":1,"featured_media":0,"parent":0,"menu_order":0,"comment_status":"closed","ping_status":"closed","template":"elementor_header_footer","meta":{"footnotes":""},"class_list":["post-132","page","type-page","status-publish","hentry"],"_links":{"self":[{"href":"https:\/\/feuerwehr-strombach.de\/wordpress\/index.php\/wp-json\/wp\/v2\/pages\/132","targetHints":{"allow":["GET"]}}],"collection":[{"href":"https:\/\/feuerwehr-strombach.de\/wordpress\/index.php\/wp-json\/wp\/v2\/pages"}],"about":[{"href":"https:\/\/feuerwehr-strombach.de\/wordpress\/index.php\/wp-json\/wp\/v2\/types\/page"}],"author":[{"embeddable":true,"href":"https:\/\/feuerwehr-strombach.de\/wordpress\/index.php\/wp-json\/wp\/v2\/users\/1"}],"replies":[{"embeddable":true,"href":"https:\/\/feuerwehr-strombach.de\/wordpress\/index.php\/wp-json\/wp\/v2\/comments?post=132"}],"version-history":[{"count":295,"href":"https:\/\/feuerwehr-strombach.de\/wordpress\/index.php\/wp-json\/wp\/v2\/pages\/132\/revisions"}],"predecessor-version":[{"id":1809,"href":"https:\/\/feuerwehr-strombach.de\/wordpress\/index.php\/wp-json\/wp\/v2\/pages\/132\/revisions\/1809"}],"wp:attachment":[{"href":"https:\/\/feuerwehr-strombach.de\/wordpress\/index.php\/wp-json\/wp\/v2\/media?parent=132"}],"curies":[{"name":"wp","href":"https:\/\/api.w.org\/{rel}","templated":true}]}}